{"id":442,"date":"2014-01-19T16:18:28","date_gmt":"2014-01-19T21:18:28","guid":{"rendered":"http:\/\/www.mecaniqueexpertprestige.com\/rendez-vous-2\/"},"modified":"2023-01-04T16:21:22","modified_gmt":"2023-01-04T21:21:22","slug":"rendez-vous-2-2-2","status":"publish","type":"page","link":"http:\/\/www.mecaniqueexpertprestige.com\/en\/rendez-vous-2-2-2\/","title":{"rendered":"Rendez-vous"},"content":{"rendered":"<div class=\"custom-frame-wrapper alignleft frame-shadow\"><div class=\"custom-frame-inner-wrapper\"><div class=\"custom-frame-padding\"><img loading=\"lazy\" class=\" wp-image-227 size-thumbnail\" src=\"http:\/\/www.mecaniqueexpertprestige.com\/wp-content\/uploads\/2014\/01\/Calendrier-150x150.jpg\" alt=\"Calendar date\" width=\"150\" height=\"150\" \/><\/div><\/div><\/div>Rendez-vous en ligne bient\u00f4t disponible.<\/p>\n<address>Pour prendre rendez-vous, veuillez composer le\u00a0<strong>450 592-6003<\/strong>\u00a0et il nous fera plaisir de r\u00e9pondre \u00e0 toutes vos questions et de planifier un rendez-vous.<\/address>\n<p>Du lundi au jeudi de 8:00 \u00e0 17:00 et vendredi de 8:00 \u00e0 14:30<\/p>\n","protected":false},"excerpt":{"rendered":"<p>Rendez-vous en ligne bient\u00f4t disponible. Pour prendre rendez-vous, veuillez composer le\u00a0450 592-6003\u00a0et il nous fera plaisir de r\u00e9pondre \u00e0 toutes vos questions et de planifier un rendez-vous. Du lundi au jeudi de 8:00 \u00e0 17:00 et vendredi de 8:00 \u00e0 14:30<\/p>\n","protected":false},"author":1,"featured_media":0,"parent":0,"menu_order":0,"comment_status":"open","ping_status":"open","template":"page-FullWidth.php","meta":[],"yoast_head":"<!-- This site is optimized with the Yoast SEO plugin v17.6 - https:\/\/yoast.com\/wordpress\/plugins\/seo\/ -->\n<meta name=\"robots\" content=\"index, follow, max-snippet:-1, max-image-preview:large, max-video-preview:-1\" \/>\n<link rel=\"canonical\" href=\"http:\/\/www.mecaniqueexpertprestige.com\/en\/rendez-vous-2-2-2\/\" \/>\n<meta property=\"og:locale\" content=\"en_US\" \/>\n<meta property=\"og:type\" content=\"article\" \/>\n<meta property=\"og:title\" content=\"Rendez-vous - M\u00e9canique Expert Prestige\" \/>\n<meta property=\"og:description\" content=\"Rendez-vous en ligne bient\u00f4t disponible. Pour prendre rendez-vous, veuillez composer le\u00a0450 592-6003\u00a0et il nous fera plaisir de r\u00e9pondre \u00e0 toutes vos questions et de planifier un rendez-vous. Du lundi au jeudi de 8:00 \u00e0 17:00 et vendredi de 8:00 \u00e0 14:30\" \/>\n<meta property=\"og:url\" content=\"http:\/\/www.mecaniqueexpertprestige.com\/en\/rendez-vous-2-2-2\/\" \/>\n<meta property=\"og:site_name\" content=\"M\u00e9canique Expert Prestige\" \/>\n<meta property=\"article:publisher\" content=\"http:\/\/www.facebook.com\/Mexpertprestige\" \/>\n<meta property=\"article:modified_time\" content=\"2023-01-04T21:21:22+00:00\" \/>\n<meta property=\"og:image\" content=\"http:\/\/www.mecaniqueexpertprestige.com\/wp-content\/uploads\/2014\/01\/Calendrier-150x150.jpg\" \/>\n<meta name=\"twitter:card\" content=\"summary\" \/>\n<meta name=\"twitter:site\" content=\"@MExpertPrestige\" \/>\n<script type=\"application\/ld+json\" class=\"yoast-schema-graph\">{\"@context\":\"https:\/\/schema.org\",\"@graph\":[{\"@type\":\"WebSite\",\"@id\":\"http:\/\/www.mecaniqueexpertprestige.com\/#website\",\"url\":\"http:\/\/www.mecaniqueexpertprestige.com\/\",\"name\":\"M\\u00e9canique Expert Prestige\",\"description\":\"Premium German product specialist, and others\",\"potentialAction\":[{\"@type\":\"SearchAction\",\"target\":{\"@type\":\"EntryPoint\",\"urlTemplate\":\"http:\/\/www.mecaniqueexpertprestige.com\/?s={search_term_string}\"},\"query-input\":\"required name=search_term_string\"}],\"inLanguage\":\"en-US\"},{\"@type\":\"ImageObject\",\"@id\":\"http:\/\/www.mecaniqueexpertprestige.com\/en\/rendez-vous-2-2-2\/#primaryimage\",\"inLanguage\":\"en-US\",\"url\":\"http:\/\/www.mecaniqueexpertprestige.com\/wp-content\/uploads\/2014\/01\/Calendrier.jpg\",\"contentUrl\":\"http:\/\/www.mecaniqueexpertprestige.com\/wp-content\/uploads\/2014\/01\/Calendrier.jpg\",\"width\":800,\"height\":624},{\"@type\":\"WebPage\",\"@id\":\"http:\/\/www.mecaniqueexpertprestige.com\/en\/rendez-vous-2-2-2\/#webpage\",\"url\":\"http:\/\/www.mecaniqueexpertprestige.com\/en\/rendez-vous-2-2-2\/\",\"name\":\"Rendez-vous - M\\u00e9canique Expert Prestige\",\"isPartOf\":{\"@id\":\"http:\/\/www.mecaniqueexpertprestige.com\/#website\"},\"primaryImageOfPage\":{\"@id\":\"http:\/\/www.mecaniqueexpertprestige.com\/en\/rendez-vous-2-2-2\/#primaryimage\"},\"datePublished\":\"2014-01-19T21:18:28+00:00\",\"dateModified\":\"2023-01-04T21:21:22+00:00\",\"breadcrumb\":{\"@id\":\"http:\/\/www.mecaniqueexpertprestige.com\/en\/rendez-vous-2-2-2\/#breadcrumb\"},\"inLanguage\":\"en-US\",\"potentialAction\":[{\"@type\":\"ReadAction\",\"target\":[\"http:\/\/www.mecaniqueexpertprestige.com\/en\/rendez-vous-2-2-2\/\"]}]},{\"@type\":\"BreadcrumbList\",\"@id\":\"http:\/\/www.mecaniqueexpertprestige.com\/en\/rendez-vous-2-2-2\/#breadcrumb\",\"itemListElement\":[{\"@type\":\"ListItem\",\"position\":1,\"name\":\"Accueil\",\"item\":\"http:\/\/www.mecaniqueexpertprestige.com\/\"},{\"@type\":\"ListItem\",\"position\":2,\"name\":\"Rendez-vous\"}]}]}<\/script>\n<!-- \/ Yoast SEO plugin. -->","yoast_head_json":{"robots":{"index":"index","follow":"follow","max-snippet":"max-snippet:-1","max-image-preview":"max-image-preview:large","max-video-preview":"max-video-preview:-1"},"canonical":"http:\/\/www.mecaniqueexpertprestige.com\/en\/rendez-vous-2-2-2\/","og_locale":"en_US","og_type":"article","og_title":"Rendez-vous - M\u00e9canique Expert Prestige","og_description":"Rendez-vous en ligne bient\u00f4t disponible. Pour prendre rendez-vous, veuillez composer le\u00a0450 592-6003\u00a0et il nous fera plaisir de r\u00e9pondre \u00e0 toutes vos questions et de planifier un rendez-vous. Du lundi au jeudi de 8:00 \u00e0 17:00 et vendredi de 8:00 \u00e0 14:30","og_url":"http:\/\/www.mecaniqueexpertprestige.com\/en\/rendez-vous-2-2-2\/","og_site_name":"M\u00e9canique Expert Prestige","article_publisher":"http:\/\/www.facebook.com\/Mexpertprestige","article_modified_time":"2023-01-04T21:21:22+00:00","og_image":[{"url":"http:\/\/www.mecaniqueexpertprestige.com\/wp-content\/uploads\/2014\/01\/Calendrier-150x150.jpg"}],"twitter_card":"summary","twitter_site":"@MExpertPrestige","schema":{"@context":"https:\/\/schema.org","@graph":[{"@type":"WebSite","@id":"http:\/\/www.mecaniqueexpertprestige.com\/#website","url":"http:\/\/www.mecaniqueexpertprestige.com\/","name":"M\u00e9canique Expert Prestige","description":"Premium German product specialist, and others","potentialAction":[{"@type":"SearchAction","target":{"@type":"EntryPoint","urlTemplate":"http:\/\/www.mecaniqueexpertprestige.com\/?s={search_term_string}"},"query-input":"required name=search_term_string"}],"inLanguage":"en-US"},{"@type":"ImageObject","@id":"http:\/\/www.mecaniqueexpertprestige.com\/en\/rendez-vous-2-2-2\/#primaryimage","inLanguage":"en-US","url":"http:\/\/www.mecaniqueexpertprestige.com\/wp-content\/uploads\/2014\/01\/Calendrier.jpg","contentUrl":"http:\/\/www.mecaniqueexpertprestige.com\/wp-content\/uploads\/2014\/01\/Calendrier.jpg","width":800,"height":624},{"@type":"WebPage","@id":"http:\/\/www.mecaniqueexpertprestige.com\/en\/rendez-vous-2-2-2\/#webpage","url":"http:\/\/www.mecaniqueexpertprestige.com\/en\/rendez-vous-2-2-2\/","name":"Rendez-vous - M\u00e9canique Expert Prestige","isPartOf":{"@id":"http:\/\/www.mecaniqueexpertprestige.com\/#website"},"primaryImageOfPage":{"@id":"http:\/\/www.mecaniqueexpertprestige.com\/en\/rendez-vous-2-2-2\/#primaryimage"},"datePublished":"2014-01-19T21:18:28+00:00","dateModified":"2023-01-04T21:21:22+00:00","breadcrumb":{"@id":"http:\/\/www.mecaniqueexpertprestige.com\/en\/rendez-vous-2-2-2\/#breadcrumb"},"inLanguage":"en-US","potentialAction":[{"@type":"ReadAction","target":["http:\/\/www.mecaniqueexpertprestige.com\/en\/rendez-vous-2-2-2\/"]}]},{"@type":"BreadcrumbList","@id":"http:\/\/www.mecaniqueexpertprestige.com\/en\/rendez-vous-2-2-2\/#breadcrumb","itemListElement":[{"@type":"ListItem","position":1,"name":"Accueil","item":"http:\/\/www.mecaniqueexpertprestige.com\/"},{"@type":"ListItem","position":2,"name":"Rendez-vous"}]}]}},"_links":{"self":[{"href":"http:\/\/www.mecaniqueexpertprestige.com\/en\/wp-json\/wp\/v2\/pages\/442"}],"collection":[{"href":"http:\/\/www.mecaniqueexpertprestige.com\/en\/wp-json\/wp\/v2\/pages"}],"about":[{"href":"http:\/\/www.mecaniqueexpertprestige.com\/en\/wp-json\/wp\/v2\/types\/page"}],"author":[{"embeddable":true,"href":"http:\/\/www.mecaniqueexpertprestige.com\/en\/wp-json\/wp\/v2\/users\/1"}],"replies":[{"embeddable":true,"href":"http:\/\/www.mecaniqueexpertprestige.com\/en\/wp-json\/wp\/v2\/comments?post=442"}],"version-history":[{"count":4,"href":"http:\/\/www.mecaniqueexpertprestige.com\/en\/wp-json\/wp\/v2\/pages\/442\/revisions"}],"predecessor-version":[{"id":920,"href":"http:\/\/www.mecaniqueexpertprestige.com\/en\/wp-json\/wp\/v2\/pages\/442\/revisions\/920"}],"wp:attachment":[{"href":"http:\/\/www.mecaniqueexpertprestige.com\/en\/wp-json\/wp\/v2\/media?parent=442"}],"curies":[{"name":"wp","href":"https:\/\/api.w.org\/{rel}","templated":true}]}}