{"id":455,"date":"2014-08-25T20:09:04","date_gmt":"2014-08-26T00:09:04","guid":{"rendered":"http:\/\/www.mecaniqueexpertprestige.com\/?page_id=455"},"modified":"2021-06-08T14:02:46","modified_gmt":"2021-06-08T18:02:46","slug":"contact-us","status":"publish","type":"page","link":"http:\/\/www.mecaniqueexpertprestige.com\/en\/contact-us\/","title":{"rendered":"Contact us"},"content":{"rendered":"<p style=\"text-align: center;\"><strong>SUMMER SCHEDULE 2021<\/strong><br \/>\n<em><strong>From June 7<\/strong><\/em><\/p>\n<p style=\"text-align: center;\">Monday to Thursday: 8:00 am to 5:30 pm<br \/>\nFriday: 8:00 am to 12:00 pm<\/p>\n<p style=\"text-align: center;\">June 24 and 25, 2021: Closed (National Day)<br \/>\nJuly 2, 2021: Closed (Canada Day)<\/p>\n<hr \/>\n<p style=\"text-align: center;\"><strong>SUMMER VACATIONS<\/strong><\/p>\n<p style=\"text-align: center;\">We close on August 13, 2021 at noon \/ Back on August 30 at 8:00 am!<\/p>\n<hr \/>\n<h3 class=\"margin-top-3\">Contact us<\/h3>\n<p>Located on the North side of the St. Lawrence River, pretty near Highway 15, leaving at Exit 43 (De Martigny Blvd, St-J\u00e9r\u00f4me), <strong>M\u00e9canique Expert Prestige<\/strong> supports a growing network of dealers and distributors.<\/p>\n<p>Payment modalities are: Interac, Visa, MasterCard, Amex and others.<\/p>\n","protected":false},"excerpt":{"rendered":"<p>SUMMER SCHEDULE 2021 From June 7 Monday to Thursday: 8:00 am to 5:30 pm Friday: 8:00 am to 12:00 pm June 24 and 25, 2021: Closed (National Day) July 2, 2021: Closed (Canada Day) SUMMER VACATIONS We close on August 13, 2021 at noon \/ Back on [&hellip;]<\/p>\n","protected":false},"author":1,"featured_media":0,"parent":0,"menu_order":0,"comment_status":"open","ping_status":"open","template":"page-FullWidth.php","meta":[],"yoast_head":"<!-- This site is optimized with the Yoast SEO plugin v17.6 - https:\/\/yoast.com\/wordpress\/plugins\/seo\/ -->\n<meta name=\"robots\" content=\"index, follow, max-snippet:-1, max-image-preview:large, max-video-preview:-1\" \/>\n<link rel=\"canonical\" href=\"http:\/\/www.mecaniqueexpertprestige.com\/en\/contact-us\/\" \/>\n<meta property=\"og:locale\" content=\"en_US\" \/>\n<meta property=\"og:type\" content=\"article\" \/>\n<meta property=\"og:title\" content=\"Contact us - M\u00e9canique Expert Prestige\" \/>\n<meta property=\"og:description\" content=\"SUMMER SCHEDULE 2021 From June 7 Monday to Thursday: 8:00 am to 5:30 pm Friday: 8:00 am to 12:00 pm June 24 and 25, 2021: Closed (National Day) July 2, 2021: Closed (Canada Day) SUMMER VACATIONS We close on August 13, 2021 at noon \/ Back on [&hellip;]\" \/>\n<meta property=\"og:url\" content=\"http:\/\/www.mecaniqueexpertprestige.com\/en\/contact-us\/\" \/>\n<meta property=\"og:site_name\" content=\"M\u00e9canique Expert Prestige\" \/>\n<meta property=\"article:publisher\" content=\"http:\/\/www.facebook.com\/Mexpertprestige\" \/>\n<meta property=\"article:modified_time\" content=\"2021-06-08T18:02:46+00:00\" \/>\n<meta name=\"twitter:card\" content=\"summary\" \/>\n<meta name=\"twitter:site\" content=\"@MExpertPrestige\" \/>\n<meta name=\"twitter:label1\" content=\"Est. reading time\" \/>\n\t<meta name=\"twitter:data1\" content=\"1 minute\" \/>\n<script type=\"application\/ld+json\" class=\"yoast-schema-graph\">{\"@context\":\"https:\/\/schema.org\",\"@graph\":[{\"@type\":\"WebSite\",\"@id\":\"http:\/\/www.mecaniqueexpertprestige.com\/#website\",\"url\":\"http:\/\/www.mecaniqueexpertprestige.com\/\",\"name\":\"M\\u00e9canique Expert Prestige\",\"description\":\"Premium German product specialist, and others\",\"potentialAction\":[{\"@type\":\"SearchAction\",\"target\":{\"@type\":\"EntryPoint\",\"urlTemplate\":\"http:\/\/www.mecaniqueexpertprestige.com\/?s={search_term_string}\"},\"query-input\":\"required name=search_term_string\"}],\"inLanguage\":\"en-US\"},{\"@type\":\"WebPage\",\"@id\":\"http:\/\/www.mecaniqueexpertprestige.com\/en\/contact-us\/#webpage\",\"url\":\"http:\/\/www.mecaniqueexpertprestige.com\/en\/contact-us\/\",\"name\":\"Contact us - M\\u00e9canique Expert Prestige\",\"isPartOf\":{\"@id\":\"http:\/\/www.mecaniqueexpertprestige.com\/#website\"},\"datePublished\":\"2014-08-26T00:09:04+00:00\",\"dateModified\":\"2021-06-08T18:02:46+00:00\",\"breadcrumb\":{\"@id\":\"http:\/\/www.mecaniqueexpertprestige.com\/en\/contact-us\/#breadcrumb\"},\"inLanguage\":\"en-US\",\"potentialAction\":[{\"@type\":\"ReadAction\",\"target\":[\"http:\/\/www.mecaniqueexpertprestige.com\/en\/contact-us\/\"]}]},{\"@type\":\"BreadcrumbList\",\"@id\":\"http:\/\/www.mecaniqueexpertprestige.com\/en\/contact-us\/#breadcrumb\",\"itemListElement\":[{\"@type\":\"ListItem\",\"position\":1,\"name\":\"Accueil\",\"item\":\"http:\/\/www.mecaniqueexpertprestige.com\/\"},{\"@type\":\"ListItem\",\"position\":2,\"name\":\"Contact us\"}]}]}<\/script>\n<!-- \/ Yoast SEO plugin. -->","yoast_head_json":{"robots":{"index":"index","follow":"follow","max-snippet":"max-snippet:-1","max-image-preview":"max-image-preview:large","max-video-preview":"max-video-preview:-1"},"canonical":"http:\/\/www.mecaniqueexpertprestige.com\/en\/contact-us\/","og_locale":"en_US","og_type":"article","og_title":"Contact us - M\u00e9canique Expert Prestige","og_description":"SUMMER SCHEDULE 2021 From June 7 Monday to Thursday: 8:00 am to 5:30 pm Friday: 8:00 am to 12:00 pm June 24 and 25, 2021: Closed (National Day) July 2, 2021: Closed (Canada Day) SUMMER VACATIONS We close on August 13, 2021 at noon \/ Back on [&hellip;]","og_url":"http:\/\/www.mecaniqueexpertprestige.com\/en\/contact-us\/","og_site_name":"M\u00e9canique Expert Prestige","article_publisher":"http:\/\/www.facebook.com\/Mexpertprestige","article_modified_time":"2021-06-08T18:02:46+00:00","twitter_card":"summary","twitter_site":"@MExpertPrestige","twitter_misc":{"Est. reading time":"1 minute"},"schema":{"@context":"https:\/\/schema.org","@graph":[{"@type":"WebSite","@id":"http:\/\/www.mecaniqueexpertprestige.com\/#website","url":"http:\/\/www.mecaniqueexpertprestige.com\/","name":"M\u00e9canique Expert Prestige","description":"Premium German product specialist, and others","potentialAction":[{"@type":"SearchAction","target":{"@type":"EntryPoint","urlTemplate":"http:\/\/www.mecaniqueexpertprestige.com\/?s={search_term_string}"},"query-input":"required name=search_term_string"}],"inLanguage":"en-US"},{"@type":"WebPage","@id":"http:\/\/www.mecaniqueexpertprestige.com\/en\/contact-us\/#webpage","url":"http:\/\/www.mecaniqueexpertprestige.com\/en\/contact-us\/","name":"Contact us - M\u00e9canique Expert Prestige","isPartOf":{"@id":"http:\/\/www.mecaniqueexpertprestige.com\/#website"},"datePublished":"2014-08-26T00:09:04+00:00","dateModified":"2021-06-08T18:02:46+00:00","breadcrumb":{"@id":"http:\/\/www.mecaniqueexpertprestige.com\/en\/contact-us\/#breadcrumb"},"inLanguage":"en-US","potentialAction":[{"@type":"ReadAction","target":["http:\/\/www.mecaniqueexpertprestige.com\/en\/contact-us\/"]}]},{"@type":"BreadcrumbList","@id":"http:\/\/www.mecaniqueexpertprestige.com\/en\/contact-us\/#breadcrumb","itemListElement":[{"@type":"ListItem","position":1,"name":"Accueil","item":"http:\/\/www.mecaniqueexpertprestige.com\/"},{"@type":"ListItem","position":2,"name":"Contact us"}]}]}},"_links":{"self":[{"href":"http:\/\/www.mecaniqueexpertprestige.com\/en\/wp-json\/wp\/v2\/pages\/455"}],"collection":[{"href":"http:\/\/www.mecaniqueexpertprestige.com\/en\/wp-json\/wp\/v2\/pages"}],"about":[{"href":"http:\/\/www.mecaniqueexpertprestige.com\/en\/wp-json\/wp\/v2\/types\/page"}],"author":[{"embeddable":true,"href":"http:\/\/www.mecaniqueexpertprestige.com\/en\/wp-json\/wp\/v2\/users\/1"}],"replies":[{"embeddable":true,"href":"http:\/\/www.mecaniqueexpertprestige.com\/en\/wp-json\/wp\/v2\/comments?post=455"}],"version-history":[{"count":6,"href":"http:\/\/www.mecaniqueexpertprestige.com\/en\/wp-json\/wp\/v2\/pages\/455\/revisions"}],"predecessor-version":[{"id":909,"href":"http:\/\/www.mecaniqueexpertprestige.com\/en\/wp-json\/wp\/v2\/pages\/455\/revisions\/909"}],"wp:attachment":[{"href":"http:\/\/www.mecaniqueexpertprestige.com\/en\/wp-json\/wp\/v2\/media?parent=455"}],"curies":[{"name":"wp","href":"https:\/\/api.w.org\/{rel}","templated":true}]}}