{"id":625,"date":"2015-09-12T15:46:19","date_gmt":"2015-09-12T19:46:19","guid":{"rendered":"http:\/\/www.mecaniqueexpertprestige.com\/gallerie-2\/"},"modified":"2016-11-08T16:06:29","modified_gmt":"2016-11-08T21:06:29","slug":"gallerie","status":"publish","type":"page","link":"http:\/\/www.mecaniqueexpertprestige.com\/en\/gallerie\/","title":{"rendered":"Galerie"},"content":{"rendered":"<p>M\u00e9canique Expert Prestige offre des services de m\u00e9canique g\u00e9n\u00e9rale et est sp\u00e9cialis\u00e9 entre autres dans les voitures de luxe. Faites confiance et confiez votre voiture \u00e0 M\u00e9canique Expert Prestige!<\/p>\n<p>&nbsp;<\/p>\n\n\t\t<style type=\"text\/css\">\n\t\t\t#gallery-1 {\n\t\t\t\tmargin: auto;\n\t\t\t}\n\t\t\t#gallery-1 .gallery-item {\n\t\t\t\tfloat: left;\n\t\t\t\tmargin-top: 10px;\n\t\t\t\ttext-align: center;\n\t\t\t\twidth: 25%;\n\t\t\t}\n\t\t\t#gallery-1 img {\n\t\t\t\tborder: 2px solid #cfcfcf;\n\t\t\t}\n\t\t\t#gallery-1 .gallery-caption {\n\t\t\t\tmargin-left: 0;\n\t\t\t}\n\t\t\t\/* see gallery_shortcode() in wp-includes\/media.php *\/\n\t\t<\/style>\n\t\t<div id='gallery-1' class='gallery galleryid-625 gallery-columns-4 gallery-size-thumbnail'><dl class='gallery-item'>\n\t\t\t<dt class='gallery-icon landscape'>\n\t\t\t\t<a rel='wp-prettyPhoto[gallery]' href='http:\/\/www.mecaniqueexpertprestige.com\/wp-content\/uploads\/2015\/09\/Audi-rouge-2014-04-05_01.jpg'><img width=\"150\" height=\"150\" src=\"http:\/\/www.mecaniqueexpertprestige.com\/wp-content\/uploads\/2015\/09\/Audi-rouge-2014-04-05_01-150x150.jpg\" class=\"attachment-thumbnail size-thumbnail\" alt=\"Entretien d&#039;une Audi - M\u00e9canique Expert Prestige\" loading=\"lazy\" \/><\/a>\n\t\t\t<\/dt><\/dl><dl class='gallery-item'>\n\t\t\t<dt class='gallery-icon landscape'>\n\t\t\t\t<a rel='wp-prettyPhoto[gallery]' href='http:\/\/www.mecaniqueexpertprestige.com\/wp-content\/uploads\/2015\/09\/BMW-2014-05-30_01.jpg'><img width=\"150\" height=\"150\" src=\"http:\/\/www.mecaniqueexpertprestige.com\/wp-content\/uploads\/2015\/09\/BMW-2014-05-30_01-150x150.jpg\" class=\"attachment-thumbnail size-thumbnail\" alt=\"R\u00e9paration d&#039;une BMW coup\u00e9 - M\u00e9canique Expert Prestige\" loading=\"lazy\" \/><\/a>\n\t\t\t<\/dt><\/dl><dl class='gallery-item'>\n\t\t\t<dt class='gallery-icon landscape'>\n\t\t\t\t<a rel='wp-prettyPhoto[gallery]' href='http:\/\/www.mecaniqueexpertprestige.com\/wp-content\/uploads\/2015\/09\/BMW-2014-07-06_02.jpg'><img width=\"150\" height=\"150\" src=\"http:\/\/www.mecaniqueexpertprestige.com\/wp-content\/uploads\/2015\/09\/BMW-2014-07-06_02-150x150.jpg\" class=\"attachment-thumbnail size-thumbnail\" alt=\"BMW SUV - M\u00e9canique Expert Prestige\" loading=\"lazy\" \/><\/a>\n\t\t\t<\/dt><\/dl><dl class='gallery-item'>\n\t\t\t<dt class='gallery-icon landscape'>\n\t\t\t\t<a rel='wp-prettyPhoto[gallery]' href='http:\/\/www.mecaniqueexpertprestige.com\/wp-content\/uploads\/2015\/09\/mercedes-2014-04-05_02.jpg'><img width=\"150\" height=\"150\" src=\"http:\/\/www.mecaniqueexpertprestige.com\/wp-content\/uploads\/2015\/09\/mercedes-2014-04-05_02-150x150.jpg\" class=\"attachment-thumbnail size-thumbnail\" alt=\"Entretien d&#039;une Mercedes - M\u00e9canique Expert Prestige\" loading=\"lazy\" \/><\/a>\n\t\t\t<\/dt><\/dl><br style=\"clear: both\" \/><dl class='gallery-item'>\n\t\t\t<dt class='gallery-icon landscape'>\n\t\t\t\t<a rel='wp-prettyPhoto[gallery]' href='http:\/\/www.mecaniqueexpertprestige.com\/wp-content\/uploads\/2015\/09\/Porsche-2014-05-10_01.jpg'><img width=\"150\" height=\"150\" src=\"http:\/\/www.mecaniqueexpertprestige.com\/wp-content\/uploads\/2015\/09\/Porsche-2014-05-10_01-150x150.jpg\" class=\"attachment-thumbnail size-thumbnail\" alt=\"Porsche grise - M\u00e9canique Expert Prestige\" loading=\"lazy\" \/><\/a>\n\t\t\t<\/dt><\/dl><dl class='gallery-item'>\n\t\t\t<dt class='gallery-icon landscape'>\n\t\t\t\t<a rel='wp-prettyPhoto[gallery]' href='http:\/\/www.mecaniqueexpertprestige.com\/wp-content\/uploads\/2015\/09\/Porsche-2014-07-11_02.jpg'><img width=\"150\" height=\"150\" src=\"http:\/\/www.mecaniqueexpertprestige.com\/wp-content\/uploads\/2015\/09\/Porsche-2014-07-11_02-150x150.jpg\" class=\"attachment-thumbnail size-thumbnail\" alt=\"Porsche Cayenne blanche - M\u00e9canique Expert Prestige\" loading=\"lazy\" \/><\/a>\n\t\t\t<\/dt><\/dl><dl class='gallery-item'>\n\t\t\t<dt class='gallery-icon landscape'>\n\t\t\t\t<a rel='wp-prettyPhoto[gallery]' href='http:\/\/www.mecaniqueexpertprestige.com\/wp-content\/uploads\/2015\/09\/Porsche-2014-09-19_03.jpg'><img width=\"150\" height=\"150\" src=\"http:\/\/www.mecaniqueexpertprestige.com\/wp-content\/uploads\/2015\/09\/Porsche-2014-09-19_03-150x150.jpg\" class=\"attachment-thumbnail size-thumbnail\" alt=\"Porsche rouge - M\u00e9canique Expert Prestige\" loading=\"lazy\" \/><\/a>\n\t\t\t<\/dt><\/dl><dl class='gallery-item'>\n\t\t\t<dt class='gallery-icon landscape'>\n\t\t\t\t<a rel='wp-prettyPhoto[gallery]' href='http:\/\/www.mecaniqueexpertprestige.com\/wp-content\/uploads\/2015\/09\/Porsche-2015-07-23_04.jpg'><img width=\"150\" height=\"150\" src=\"http:\/\/www.mecaniqueexpertprestige.com\/wp-content\/uploads\/2015\/09\/Porsche-2015-07-23_04-150x150.jpg\" class=\"attachment-thumbnail size-thumbnail\" alt=\"Porsche rouge - M\u00e9canique Expert Prestige\" loading=\"lazy\" \/><\/a>\n\t\t\t<\/dt><\/dl><br style=\"clear: both\" \/><dl class='gallery-item'>\n\t\t\t<dt class='gallery-icon landscape'>\n\t\t\t\t<a rel='wp-prettyPhoto[gallery]' href='http:\/\/www.mecaniqueexpertprestige.com\/wp-content\/uploads\/2015\/09\/Volkswagen-2014-07-03_01.jpg'><img width=\"150\" height=\"150\" src=\"http:\/\/www.mecaniqueexpertprestige.com\/wp-content\/uploads\/2015\/09\/Volkswagen-2014-07-03_01-150x150.jpg\" class=\"attachment-thumbnail size-thumbnail\" alt=\"Volkswagen rouge - M\u00e9canique Expert Prestige\" loading=\"lazy\" \/><\/a>\n\t\t\t<\/dt><\/dl><dl class='gallery-item'>\n\t\t\t<dt class='gallery-icon landscape'>\n\t\t\t\t<a rel='wp-prettyPhoto[gallery]' href='http:\/\/www.mecaniqueexpertprestige.com\/wp-content\/uploads\/2014\/08\/images-231.jpg'><img width=\"150\" height=\"150\" src=\"http:\/\/www.mecaniqueexpertprestige.com\/wp-content\/uploads\/2014\/08\/images-231-150x150.jpg\" class=\"attachment-thumbnail size-thumbnail\" alt=\"Audi bleu\" loading=\"lazy\" \/><\/a>\n\t\t\t<\/dt><\/dl><dl class='gallery-item'>\n\t\t\t<dt class='gallery-icon landscape'>\n\t\t\t\t<a rel='wp-prettyPhoto[gallery]' href='http:\/\/www.mecaniqueexpertprestige.com\/wp-content\/uploads\/2015\/09\/porsche-718-image.jpg'><img width=\"150\" height=\"150\" src=\"http:\/\/www.mecaniqueexpertprestige.com\/wp-content\/uploads\/2015\/09\/porsche-718-image-150x150.jpg\" class=\"attachment-thumbnail size-thumbnail\" alt=\"Photo porsche orange\" loading=\"lazy\" \/><\/a>\n\t\t\t<\/dt><\/dl>\n\t\t\t<br style='clear: both' \/>\n\t\t<\/div>\n\n","protected":false},"excerpt":{"rendered":"<p>M\u00e9canique Expert Prestige offre des services de m\u00e9canique g\u00e9n\u00e9rale et est sp\u00e9cialis\u00e9 entre autres dans les voitures de luxe. Faites confiance et confiez votre voiture \u00e0 M\u00e9canique Expert Prestige! &nbsp;<\/p>\n","protected":false},"author":1,"featured_media":0,"parent":0,"menu_order":0,"comment_status":"open","ping_status":"open","template":"","meta":[],"yoast_head":"<!-- This site is optimized with the Yoast SEO plugin v17.6 - https:\/\/yoast.com\/wordpress\/plugins\/seo\/ -->\n<meta name=\"robots\" content=\"index, follow, max-snippet:-1, max-image-preview:large, max-video-preview:-1\" \/>\n<link rel=\"canonical\" href=\"http:\/\/www.mecaniqueexpertprestige.com\/en\/gallerie\/\" \/>\n<meta property=\"og:locale\" content=\"en_US\" \/>\n<meta property=\"og:type\" content=\"article\" \/>\n<meta property=\"og:title\" content=\"Galerie - M\u00e9canique Expert Prestige\" \/>\n<meta property=\"og:description\" content=\"M\u00e9canique Expert Prestige offre des services de m\u00e9canique g\u00e9n\u00e9rale et est sp\u00e9cialis\u00e9 entre autres dans les voitures de luxe. Faites confiance et confiez votre voiture \u00e0 M\u00e9canique Expert Prestige! &nbsp;\" \/>\n<meta property=\"og:url\" content=\"http:\/\/www.mecaniqueexpertprestige.com\/en\/gallerie\/\" \/>\n<meta property=\"og:site_name\" content=\"M\u00e9canique Expert Prestige\" \/>\n<meta property=\"article:publisher\" content=\"http:\/\/www.facebook.com\/Mexpertprestige\" \/>\n<meta property=\"article:modified_time\" content=\"2016-11-08T21:06:29+00:00\" \/>\n<meta property=\"og:image\" content=\"http:\/\/www.mecaniqueexpertprestige.com\/wp-content\/uploads\/2015\/09\/Audi-rouge-2014-04-05_01-150x150.jpg\" \/>\n<meta name=\"twitter:card\" content=\"summary\" \/>\n<meta name=\"twitter:site\" content=\"@MExpertPrestige\" \/>\n<script type=\"application\/ld+json\" class=\"yoast-schema-graph\">{\"@context\":\"https:\/\/schema.org\",\"@graph\":[{\"@type\":\"WebSite\",\"@id\":\"http:\/\/www.mecaniqueexpertprestige.com\/#website\",\"url\":\"http:\/\/www.mecaniqueexpertprestige.com\/\",\"name\":\"M\\u00e9canique Expert Prestige\",\"description\":\"Premium German product specialist, and others\",\"potentialAction\":[{\"@type\":\"SearchAction\",\"target\":{\"@type\":\"EntryPoint\",\"urlTemplate\":\"http:\/\/www.mecaniqueexpertprestige.com\/?s={search_term_string}\"},\"query-input\":\"required name=search_term_string\"}],\"inLanguage\":\"en-US\"},{\"@type\":\"WebPage\",\"@id\":\"http:\/\/www.mecaniqueexpertprestige.com\/en\/gallerie\/#webpage\",\"url\":\"http:\/\/www.mecaniqueexpertprestige.com\/en\/gallerie\/\",\"name\":\"Galerie - M\\u00e9canique Expert Prestige\",\"isPartOf\":{\"@id\":\"http:\/\/www.mecaniqueexpertprestige.com\/#website\"},\"datePublished\":\"2015-09-12T19:46:19+00:00\",\"dateModified\":\"2016-11-08T21:06:29+00:00\",\"breadcrumb\":{\"@id\":\"http:\/\/www.mecaniqueexpertprestige.com\/en\/gallerie\/#breadcrumb\"},\"inLanguage\":\"en-US\",\"potentialAction\":[{\"@type\":\"ReadAction\",\"target\":[\"http:\/\/www.mecaniqueexpertprestige.com\/en\/gallerie\/\"]}]},{\"@type\":\"BreadcrumbList\",\"@id\":\"http:\/\/www.mecaniqueexpertprestige.com\/en\/gallerie\/#breadcrumb\",\"itemListElement\":[{\"@type\":\"ListItem\",\"position\":1,\"name\":\"Accueil\",\"item\":\"http:\/\/www.mecaniqueexpertprestige.com\/\"},{\"@type\":\"ListItem\",\"position\":2,\"name\":\"Galerie\"}]}]}<\/script>\n<!-- \/ Yoast SEO plugin. -->","yoast_head_json":{"robots":{"index":"index","follow":"follow","max-snippet":"max-snippet:-1","max-image-preview":"max-image-preview:large","max-video-preview":"max-video-preview:-1"},"canonical":"http:\/\/www.mecaniqueexpertprestige.com\/en\/gallerie\/","og_locale":"en_US","og_type":"article","og_title":"Galerie - M\u00e9canique Expert Prestige","og_description":"M\u00e9canique Expert Prestige offre des services de m\u00e9canique g\u00e9n\u00e9rale et est sp\u00e9cialis\u00e9 entre autres dans les voitures de luxe. Faites confiance et confiez votre voiture \u00e0 M\u00e9canique Expert Prestige! &nbsp;","og_url":"http:\/\/www.mecaniqueexpertprestige.com\/en\/gallerie\/","og_site_name":"M\u00e9canique Expert Prestige","article_publisher":"http:\/\/www.facebook.com\/Mexpertprestige","article_modified_time":"2016-11-08T21:06:29+00:00","og_image":[{"url":"http:\/\/www.mecaniqueexpertprestige.com\/wp-content\/uploads\/2015\/09\/Audi-rouge-2014-04-05_01-150x150.jpg"}],"twitter_card":"summary","twitter_site":"@MExpertPrestige","schema":{"@context":"https:\/\/schema.org","@graph":[{"@type":"WebSite","@id":"http:\/\/www.mecaniqueexpertprestige.com\/#website","url":"http:\/\/www.mecaniqueexpertprestige.com\/","name":"M\u00e9canique Expert Prestige","description":"Premium German product specialist, and others","potentialAction":[{"@type":"SearchAction","target":{"@type":"EntryPoint","urlTemplate":"http:\/\/www.mecaniqueexpertprestige.com\/?s={search_term_string}"},"query-input":"required name=search_term_string"}],"inLanguage":"en-US"},{"@type":"WebPage","@id":"http:\/\/www.mecaniqueexpertprestige.com\/en\/gallerie\/#webpage","url":"http:\/\/www.mecaniqueexpertprestige.com\/en\/gallerie\/","name":"Galerie - M\u00e9canique Expert Prestige","isPartOf":{"@id":"http:\/\/www.mecaniqueexpertprestige.com\/#website"},"datePublished":"2015-09-12T19:46:19+00:00","dateModified":"2016-11-08T21:06:29+00:00","breadcrumb":{"@id":"http:\/\/www.mecaniqueexpertprestige.com\/en\/gallerie\/#breadcrumb"},"inLanguage":"en-US","potentialAction":[{"@type":"ReadAction","target":["http:\/\/www.mecaniqueexpertprestige.com\/en\/gallerie\/"]}]},{"@type":"BreadcrumbList","@id":"http:\/\/www.mecaniqueexpertprestige.com\/en\/gallerie\/#breadcrumb","itemListElement":[{"@type":"ListItem","position":1,"name":"Accueil","item":"http:\/\/www.mecaniqueexpertprestige.com\/"},{"@type":"ListItem","position":2,"name":"Galerie"}]}]}},"_links":{"self":[{"href":"http:\/\/www.mecaniqueexpertprestige.com\/en\/wp-json\/wp\/v2\/pages\/625"}],"collection":[{"href":"http:\/\/www.mecaniqueexpertprestige.com\/en\/wp-json\/wp\/v2\/pages"}],"about":[{"href":"http:\/\/www.mecaniqueexpertprestige.com\/en\/wp-json\/wp\/v2\/types\/page"}],"author":[{"embeddable":true,"href":"http:\/\/www.mecaniqueexpertprestige.com\/en\/wp-json\/wp\/v2\/users\/1"}],"replies":[{"embeddable":true,"href":"http:\/\/www.mecaniqueexpertprestige.com\/en\/wp-json\/wp\/v2\/comments?post=625"}],"version-history":[{"count":8,"href":"http:\/\/www.mecaniqueexpertprestige.com\/en\/wp-json\/wp\/v2\/pages\/625\/revisions"}],"predecessor-version":[{"id":680,"href":"http:\/\/www.mecaniqueexpertprestige.com\/en\/wp-json\/wp\/v2\/pages\/625\/revisions\/680"}],"wp:attachment":[{"href":"http:\/\/www.mecaniqueexpertprestige.com\/en\/wp-json\/wp\/v2\/media?parent=625"}],"curies":[{"name":"wp","href":"https:\/\/api.w.org\/{rel}","templated":true}]}}